{"id":5930,"date":"2021-12-21T09:43:08","date_gmt":"2021-12-21T08:43:08","guid":{"rendered":"https:\/\/tenorisfx.net\/comisiones\/"},"modified":"2022-10-03T20:49:13","modified_gmt":"2022-10-03T18:49:13","slug":"comisiones","status":"publish","type":"page","link":"https:\/\/tenorisfx.net\/es\/comisiones\/","title":{"rendered":"Comisiones"},"content":{"rendered":"[vc_section full_width=\u00bbstretch_row\u00bb pix_over_visibility=\u00bb\u00bb css=\u00bb.vc_custom_1664822947591{padding-top: 70px !important;padding-bottom: 30px !important;}\u00bb][vc_row full_width=\u00bbstretch_row\u00bb pix_particles_check=\u00bb\u00bb][vc_column content_align=\u00bbtext-center\u00bb offset=\u00bbvc_col-lg-offset-1 vc_col-lg-10&#8243;]<h6 class=\"d-inline-block mr-1 animate-in\" data-anim-type=\"fade-in-up\" data-anim-delay=\"300\"><span class=\"badge font-weight-bold secondary-font bg-primary-light  vc_custom_1640076616322  \" style=\" \"><span class=\"text-body-default\" style=\"\">Comisiones MT5<\/span><\/span><\/h6><div id=\"el1616975201558-74e5598e-c583\" class=\"text-center  vc_custom_1640094148309\"><div class=\"d-inline-block\" style=\"max-width:600px;\"><h2 class=\"text-heading-default animate-in\"  data-anim-type=\"fade-in-up\" data-anim-delay=\"300\"><span class=\"font-weight-normal  heading-font\">m\u00e1s bajas <\/span><span class=\"pix-highlighted-text  font-weight-normal  font-weight-bold heading-font el1616975201558-74e5598e-c583-1 animate-in\" data-anim-type=\"highlight-grow\" data-anim-delay=\"200\">Comisiones comerciales<\/span><span class=\"font-weight-normal  heading-font\"> en MT5<\/span><\/h2><\/div><\/div><div class=\"pix-el-text slide-in-container2 w-100   vc_custom_1640095279270\" ><div class=\"d-inline-block\" style=\"max-width:700px;\"><p class=\"text-18  text-body-default  \" ><span class=\"animate-in d-inline-block\" data-anim-delay=\"500\" data-anim-type=\"fade-in-up\">Sabemos la importancia de mantener los gastos operativos al m\u00ednimo, por eso, gracias a nuestra conexi\u00f3n directa a trav\u00e9s de ECN con grandes proveedores de liquidez, podemos ofrecer a nuestros operadores diferenciales ajustados que comienzan desde 0,0 pips.<\/span><\/p><\/div><\/div>[\/vc_column][\/vc_row][\/vc_section][vc_section full_width=\u00bbstretch_row\u00bb pix_over_visibility=\u00bb\u00bb css=\u00bb.vc_custom_1640076964814{padding-top: 20px !important;padding-bottom: 80px !important;}\u00bb][vc_row content_placement=\u00bbtop\u00bb pix_particles_check=\u00bb\u00bb][vc_column width=\u00bb1\/2&#8243; content_align=\u00bbtext-center\u00bb]<div class=\"d-inline-block pix-scale-in-sm\" style=\"width:80%;\"><div class=\"pix-img-el    fly-sm text-center d-inline-block  w-100 rounded-0\"  ><img class=\"card-img2 pix-img-elem rounded-0  h-1002\" style=\"width:80%;height:auto;\" width=\"460\" height=\"418\" srcset=\"https:\/\/tenorisfx.net\/wp-content\/uploads\/2021\/12\/save-money-lowest-commissions.png 460w, https:\/\/tenorisfx.net\/wp-content\/uploads\/2021\/12\/save-money-lowest-commissions-300x273.png 300w\" sizes=\"(max-width: 460px) 100vw, 460px\" src=\"https:\/\/tenorisfx.net\/wp-content\/uploads\/2021\/12\/save-money-lowest-commissions.png\" alt=\"\" \/><\/div><\/div><div id=\"sliding-text-87617464\" class=\"mb-3 text-center  vc_custom_1640097943936\"><div class=\"d-inline-block\" style=\"max-width:400px;\"><h4 class=\"mb-32 pix-sliding-headline font-weight-bold secondary-font\" data-class=\"secondary-font text-heading-default\" data-style=\"\">\u00bfQuieres ver nuestros tipos de cuentas?<\/h4><\/div><\/div><div class=\"d-block w-100 text-center\"><a  href=\"https:\/\/tenorisfx.net\/accounts\/\" class=\"btn mb-2     shadow-sm shadow-hover-sm fly-sm text-white btn-gradient-primary d-inline-block     btn-rounded animate-in pix-btn-div btn-md\"   data-anim-type=\"fade-in-up\" data-anim-delay=\"600\" ><span class=\"font-weight-bold \" >ver cuentas<\/span><\/a><\/div>[\/vc_column][vc_column width=\u00bb1\/2&#8243;]<div class=\"accordion w-100 accordion-card bg-white2 rounded-lg2 \" id=\"accordion-1590709472675-f4008e87-9d5b\"><div class=\"card \">\n           <div class=\"card-header bg-white pix-mb-10 shadow-sm rounded-lg\" id=\"heading1590709472686-eb19bb6a-ed3f\">\n               <button class=\"btn btn-link text-left rounded-lg bg-transparent\" type=\"button\" data-toggle=\"collapse\" data-target=\"#collapse1590709472686-eb19bb6a-ed3f\" aria-expanded=\"true\" aria-controls=\"collapse1590709472686-eb19bb6a-ed3f\" ><span class=\"d-inline-block text-gradient-primary svg-20 pix-mr-10\"><svg width=\"100%\" height=\"100%\" viewBox=\"0 0 24 24\" version=\"1.1\" xmlns=\"http:\/\/www.w3.org\/2000\/svg\" xmlns:xlink=\"http:\/\/www.w3.org\/1999\/xlink\"> <defs><\/defs> <g stroke=\"none\" stroke-width=\"1\" fill=\"none\" fill-rule=\"evenodd\"> <path d=\"M8,3 L8,3.5 C8,4.32842712 8.67157288,5 9.5,5 L14.5,5 C15.3284271,5 16,4.32842712 16,3.5 L16,3 L18,3 C19.1045695,3 20,3.8954305 20,5 L20,21 C20,22.1045695 19.1045695,23 18,23 L6,23 C4.8954305,23 4,22.1045695 4,21 L4,5 C4,3.8954305 4.8954305,3 6,3 L8,3 Z\" fill=\"#000000\" opacity=\"0.3\"><\/path> <path d=\"M10.875,15.75 C10.6354167,15.75 10.3958333,15.6541667 10.2041667,15.4625 L8.2875,13.5458333 C7.90416667,13.1625 7.90416667,12.5875 8.2875,12.2041667 C8.67083333,11.8208333 9.29375,11.8208333 9.62916667,12.2041667 L10.875,13.45 L14.0375,10.2875 C14.4208333,9.90416667 14.9958333,9.90416667 15.3791667,10.2875 C15.7625,10.6708333 15.7625,11.2458333 15.3791667,11.6291667 L11.5458333,15.4625 C11.3541667,15.6541667 11.1145833,15.75 10.875,15.75 Z\" fill=\"#000000\"><\/path> <path d=\"M11,2 C11,1.44771525 11.4477153,1 12,1 C12.5522847,1 13,1.44771525 13,2 L14.5,2 C14.7761424,2 15,2.22385763 15,2.5 L15,3.5 C15,3.77614237 14.7761424,4 14.5,4 L9.5,4 C9.22385763,4 9,3.77614237 9,3.5 L9,2.5 C9,2.22385763 9.22385763,2 9.5,2 L11,2 Z\" fill=\"#000000\"><\/path> <\/g> <\/svg><\/span><span class=\"font-weight-bold text-heading-default\" >Spreads<\/span><\/button>\n           <\/div>\n\n           <div id=\"collapse1590709472686-eb19bb6a-ed3f\" class=\"collapse show \" aria-labelledby=\"heading1590709472686-eb19bb6a-ed3f\">\n             <div class=\"card-body\">\n                 <div class=\"pix-el-text slide-in-container2 w-100  \" ><div class=\"d-inline-block\" style=\"max-width:600px;\"><p class=\"  text-body-default  \" ><span class=\"animate-in d-inline-block\" data-anim-delay=\"1000\" data-anim-type=\"fade-in-up\">Nuestros diferenciales comienzan desde 0,0 pips para cuentas Diamond y para cuentas Argenti desde 1,0 pips. Este ajustado spread te ayudar\u00e1 a ahorrar en comisiones y obtener operaciones m\u00e1s rentables.<\/span><\/p><\/div><\/div>\n             <\/div>\n           <\/div>\n         <\/div><div class=\"card \">\n           <div class=\"card-header bg-white pix-mb-10 shadow-sm rounded-lg\" id=\"heading1590709577267-a3f17367-0562\">\n               <button class=\"btn btn-link text-left rounded-lg bg-transparent\" type=\"button\" data-toggle=\"collapse\" data-target=\"#collapse1590709577267-a3f17367-0562\" aria-expanded=\"true\" aria-controls=\"collapse1590709577267-a3f17367-0562\" ><span class=\"d-inline-block text-gradient-primary svg-20 pix-mr-10\"><svg width=\"100%\" height=\"100%\" viewBox=\"0 0 24 24\" version=\"1.1\" xmlns=\"http:\/\/www.w3.org\/2000\/svg\" xmlns:xlink=\"http:\/\/www.w3.org\/1999\/xlink\"> <defs><\/defs> <g stroke=\"none\" stroke-width=\"1\" fill=\"none\" fill-rule=\"evenodd\"> <path d=\"M8,3 L8,3.5 C8,4.32842712 8.67157288,5 9.5,5 L14.5,5 C15.3284271,5 16,4.32842712 16,3.5 L16,3 L18,3 C19.1045695,3 20,3.8954305 20,5 L20,21 C20,22.1045695 19.1045695,23 18,23 L6,23 C4.8954305,23 4,22.1045695 4,21 L4,5 C4,3.8954305 4.8954305,3 6,3 L8,3 Z\" fill=\"#000000\" opacity=\"0.3\"><\/path> <path d=\"M10.875,15.75 C10.6354167,15.75 10.3958333,15.6541667 10.2041667,15.4625 L8.2875,13.5458333 C7.90416667,13.1625 7.90416667,12.5875 8.2875,12.2041667 C8.67083333,11.8208333 9.29375,11.8208333 9.62916667,12.2041667 L10.875,13.45 L14.0375,10.2875 C14.4208333,9.90416667 14.9958333,9.90416667 15.3791667,10.2875 C15.7625,10.6708333 15.7625,11.2458333 15.3791667,11.6291667 L11.5458333,15.4625 C11.3541667,15.6541667 11.1145833,15.75 10.875,15.75 Z\" fill=\"#000000\"><\/path> <path d=\"M11,2 C11,1.44771525 11.4477153,1 12,1 C12.5522847,1 13,1.44771525 13,2 L14.5,2 C14.7761424,2 15,2.22385763 15,2.5 L15,3.5 C15,3.77614237 14.7761424,4 14.5,4 L9.5,4 C9.22385763,4 9,3.77614237 9,3.5 L9,2.5 C9,2.22385763 9.22385763,2 9.5,2 L11,2 Z\" fill=\"#000000\"><\/path> <\/g> <\/svg><\/span><span class=\"font-weight-bold text-heading-default\" >comisi\u00f3n por lote<\/span><\/button>\n           <\/div>\n\n           <div id=\"collapse1590709577267-a3f17367-0562\" class=\"collapse  \" aria-labelledby=\"heading1590709577267-a3f17367-0562\">\n             <div class=\"card-body\">\n                 <div class=\"pix-el-text slide-in-container2 w-100  \" ><div class=\"d-inline-block\" style=\"max-width:600px;\"><p class=\"  text-body-default  \" ><span class=\"animate-in d-inline-block\" data-anim-delay=\"1000\" data-anim-type=\"fade-in-up\">Nuestra comisi\u00f3n por loter\u00eda va desde $3.00 por cada lote abierto y sube hasta $10.00 dependiendo del tipo de cuenta que tengas (Aqu\u00ed tienes una comparativa m\u00e1s detallada de los tipos de cuenta). A diferencia de muchos brokers esta comisi\u00f3n solo se cobrar\u00e1 en el momento de abrir la operaci\u00f3n<\/span><\/p><\/div><\/div>\n             <\/div>\n           <\/div>\n         <\/div><div class=\"card \">\n           <div class=\"card-header bg-white pix-mb-10 shadow-sm rounded-lg\" id=\"heading1590709628460-e48f739e-ddc8\">\n               <button class=\"btn btn-link text-left rounded-lg bg-transparent\" type=\"button\" data-toggle=\"collapse\" data-target=\"#collapse1590709628460-e48f739e-ddc8\" aria-expanded=\"true\" aria-controls=\"collapse1590709628460-e48f739e-ddc8\" ><span class=\"d-inline-block text-gradient-primary svg-20 pix-mr-10\"><svg width=\"100%\" height=\"100%\" viewBox=\"0 0 24 24\" version=\"1.1\" xmlns=\"http:\/\/www.w3.org\/2000\/svg\" xmlns:xlink=\"http:\/\/www.w3.org\/1999\/xlink\"> <defs><\/defs> <g stroke=\"none\" stroke-width=\"1\" fill=\"none\" fill-rule=\"evenodd\"> <path d=\"M8,3 L8,3.5 C8,4.32842712 8.67157288,5 9.5,5 L14.5,5 C15.3284271,5 16,4.32842712 16,3.5 L16,3 L18,3 C19.1045695,3 20,3.8954305 20,5 L20,21 C20,22.1045695 19.1045695,23 18,23 L6,23 C4.8954305,23 4,22.1045695 4,21 L4,5 C4,3.8954305 4.8954305,3 6,3 L8,3 Z\" fill=\"#000000\" opacity=\"0.3\"><\/path> <path d=\"M10.875,15.75 C10.6354167,15.75 10.3958333,15.6541667 10.2041667,15.4625 L8.2875,13.5458333 C7.90416667,13.1625 7.90416667,12.5875 8.2875,12.2041667 C8.67083333,11.8208333 9.29375,11.8208333 9.62916667,12.2041667 L10.875,13.45 L14.0375,10.2875 C14.4208333,9.90416667 14.9958333,9.90416667 15.3791667,10.2875 C15.7625,10.6708333 15.7625,11.2458333 15.3791667,11.6291667 L11.5458333,15.4625 C11.3541667,15.6541667 11.1145833,15.75 10.875,15.75 Z\" fill=\"#000000\"><\/path> <path d=\"M11,2 C11,1.44771525 11.4477153,1 12,1 C12.5522847,1 13,1.44771525 13,2 L14.5,2 C14.7761424,2 15,2.22385763 15,2.5 L15,3.5 C15,3.77614237 14.7761424,4 14.5,4 L9.5,4 C9.22385763,4 9,3.77614237 9,3.5 L9,2.5 C9,2.22385763 9.22385763,2 9.5,2 L11,2 Z\" fill=\"#000000\"><\/path> <\/g> <\/svg><\/span><span class=\"font-weight-bold text-heading-default\" >Sin cuotas escondidas<\/span><\/button>\n           <\/div>\n\n           <div id=\"collapse1590709628460-e48f739e-ddc8\" class=\"collapse  \" aria-labelledby=\"heading1590709628460-e48f739e-ddc8\">\n             <div class=\"card-body\">\n                 <div class=\"pix-el-text slide-in-container2 w-100  \" ><div class=\"d-inline-block\" style=\"max-width:600px;\"><p class=\"  text-body-default  \" ><span class=\"animate-in d-inline-block\" data-anim-delay=\"1000\" data-anim-type=\"fade-in-up\">Estas son las \u00fanicas comisiones que tendr\u00e1s con cualquiera de nuestras tres cuentas (Ver cuentas). Como veis son bastante bajos, con la intenci\u00f3n de ayudar a nuestros tarders a obtener rentabilidad en los mercados financieros.<\/span><\/p><\/div><\/div>\n             <\/div>\n           <\/div>\n         <\/div><\/div>[\/vc_column][\/vc_row][\/vc_section][vc_row pix_particles_check=\u00bb\u00bb][vc_column][vc_column_text].[\/vc_column_text][\/vc_column][\/vc_row]","protected":false},"excerpt":{"rendered":"[vc_section full_width=\u00bbstretch_row\u00bb pix_over_visibility=\u00bb\u00bb css=\u00bb.vc_custom_1664822947591{padding-top: 70px !important;padding-bottom: 30px !important;}\u00bb][vc_row full_width=\u00bbstretch_row\u00bb pix_particles_check=\u00bb\u00bb][vc_column content_align=\u00bbtext-center\u00bb offset=\u00bbvc_col-lg-offset-1 vc_col-lg-10&#8243;][\/vc_column][\/vc_row][\/vc_section][vc_section full_width=\u00bbstretch_row\u00bb pix_over_visibility=\u00bb\u00bb css=\u00bb.vc_custom_1640076964814{padding-top: 20px !important;padding-bottom: 80px !important;}\u00bb][vc_row content_placement=\u00bbtop\u00bb pix_particles_check=\u00bb\u00bb][vc_column width=\u00bb1\/2&#8243; content_align=\u00bbtext-center\u00bb][\/vc_column][vc_column width=\u00bb1\/2&#8243;][\/vc_column][\/vc_row][\/vc_section][vc_row pix_particles_check=\u00bb\u00bb][vc_column][vc_column_text].[\/vc_column_text][\/vc_column][\/vc_row]","protected":false},"author":1,"featured_media":0,"parent":0,"menu_order":0,"comment_status":"closed","ping_status":"closed","template":"","meta":[],"aioseo_notices":[],"_links":{"self":[{"href":"https:\/\/tenorisfx.net\/es\/wp-json\/wp\/v2\/pages\/5930"}],"collection":[{"href":"https:\/\/tenorisfx.net\/es\/wp-json\/wp\/v2\/pages"}],"about":[{"href":"https:\/\/tenorisfx.net\/es\/wp-json\/wp\/v2\/types\/page"}],"author":[{"embeddable":true,"href":"https:\/\/tenorisfx.net\/es\/wp-json\/wp\/v2\/users\/1"}],"replies":[{"embeddable":true,"href":"https:\/\/tenorisfx.net\/es\/wp-json\/wp\/v2\/comments?post=5930"}],"version-history":[{"count":3,"href":"https:\/\/tenorisfx.net\/es\/wp-json\/wp\/v2\/pages\/5930\/revisions"}],"predecessor-version":[{"id":5934,"href":"https:\/\/tenorisfx.net\/es\/wp-json\/wp\/v2\/pages\/5930\/revisions\/5934"}],"wp:attachment":[{"href":"https:\/\/tenorisfx.net\/es\/wp-json\/wp\/v2\/media?parent=5930"}],"curies":[{"name":"wp","href":"https:\/\/api.w.org\/{rel}","templated":true}]}}