{"id":5925,"date":"2021-12-20T13:05:54","date_gmt":"2021-12-20T12:05:54","guid":{"rendered":"https:\/\/tenorisfx.net\/mt5-trading\/"},"modified":"2022-10-03T20:44:45","modified_gmt":"2022-10-03T18:44:45","slug":"mt5-trading","status":"publish","type":"page","link":"https:\/\/tenorisfx.net\/es\/mt5-trading\/","title":{"rendered":"MT5 trading"},"content":{"rendered":"[vc_section full_width=\u00bbstretch_row\u00bb pix_over_visibility=\u00bb\u00bb css=\u00bb.vc_custom_1664822679414{padding-top: 70px !important;padding-bottom: 80px !important;}\u00bb][vc_row full_width=\u00bbstretch_row\u00bb pix_particles_check=\u00bb\u00bb][vc_column]<div class=\"pix-element-div w-100 text-center\"><h6 class=\"d-inline-block mr-1 animate-in\" data-anim-type=\"fade-in-up\" data-anim-delay=\"0\"><span class=\"badge font-weight-bold secondary-font bg-primary-light  vc_custom_1640004557465  \" style=\" \"><span class=\"text-body-default\" style=\"\">Plataforma MetaTrader 5<\/span><\/span><\/h6><\/div><div id=\"el1616975201558-74e5598e-c583\" class=\"text-center  vc_custom_1640094340161\"><div class=\"d-inline-block\" style=\"max-width:600px;\"><h2 class=\"text-heading-default\"  data-anim-type=\"\" data-anim-delay=\"0\"><span class=\"font-weight-normal  heading-font\">MetaTrader 5 <\/span><span class=\"pix-highlighted-text  font-weight-normal  font-weight-bold heading-font el1616975201558-74e5598e-c583-1 animate-in\" data-anim-type=\"highlight-grow\" data-anim-delay=\"200\">Plataforma de negocios<\/span><\/h2><\/div><\/div><div class=\"pix-el-text slide-in-container2 w-100 text-center  vc_custom_1640094383890\" ><div class=\"d-inline-block\" style=\"max-width:800px;\"><p class=\"text-18  text-body-default text-center \" ><span class=\"animate-in d-inline-block\" data-anim-delay=\"200\" data-anim-type=\"fade-in-up\">La plataforma de negociaci\u00f3n MetaTrader5 tiene algo que ofrecer a los comerciantes de todos los niveles con su an\u00e1lisis t\u00e9cnico avanzado, sistema de negociaci\u00f3n flexible, negociaci\u00f3n algor\u00edtmica y asesores expertos, as\u00ed como aplicaciones de negociaci\u00f3n m\u00f3vil. Adem\u00e1s, su dise\u00f1o simple y su excelente interfaz de usuario garantizan la implementaci\u00f3n perfecta de cualquier estrategia comercial sin importar la complejidad. Con una variedad de \u00f3rdenes de mercado, pendientes y stop, as\u00ed como un trailing stop a su disposici\u00f3n, puede realizar transacciones independientemente de la situaci\u00f3n actual del mercado. Adem\u00e1s, la plataforma cuenta con una cuenta de demostraci\u00f3n completamente funcional que ofrece un fuerte soporte y acceso a una gran cantidad de recursos educativos.<\/span><\/p><\/div><\/div><div class=\"card  overflow-hidden row no-gutters flex-column flex-md-row flex-md-row-reverse   vc_custom_1640004903134 shadow-lg \" ><div class=\"flex-column d-inline-flex position-relative col-md-6\"><div class=\"pix-bg-slide-left pix-duration-slow w-100 h-100\" style=\"background-image:url(https:\/\/tenorisfx.net\/wp-content\/uploads\/2021\/12\/forex-trade-graph-chart-concept.png);\"><img style=\"opacity:0;\" class=\"pix-lazy card-img pix-fit-cover rounded-0 flex-grow-1 h-100\" src=\"https:\/\/tenorisfx.net\/wp-content\/plugins\/pixfort-core\/functions\/images\/loading.webp\" data-srcset=\"https:\/\/tenorisfx.net\/wp-content\/uploads\/2021\/12\/forex-trade-graph-chart-concept-300x219.png 300w, https:\/\/tenorisfx.net\/wp-content\/uploads\/2021\/12\/forex-trade-graph-chart-concept-1024x748.png 1024w, https:\/\/tenorisfx.net\/wp-content\/uploads\/2021\/12\/forex-trade-graph-chart-concept-768x561.png 768w, https:\/\/tenorisfx.net\/wp-content\/uploads\/2021\/12\/forex-trade-graph-chart-concept.png 1080w\" data-src=\"https:\/\/tenorisfx.net\/wp-content\/uploads\/2021\/12\/forex-trade-graph-chart-concept.png\" loading=\"lazy\" alt=\"\" \/><\/div><\/div><div class=\"card-body d-flex2 align-content-between flex-wrap col-md-6 p-lg-5 p-md-5 p-4 \"><div class=\"pix-el-text slide-in-container2 w-100   vc_custom_1640003523082\" ><div class=\"d-inline-block\" style=\"max-width:540px;\"><p class=\"text-24  text-body-default  \" ><span class=\"animate-in d-inline-block\" data-anim-delay=\"200\" data-anim-type=\"fade-in-up\">Operaciones ECN ultrarr\u00e1pidas. Disponible en m\u00faltiples dispositivos y con incre\u00edbles funciones.<\/span><\/p><\/div><\/div><div id=\"1640003103921-ce6dda41-8d16\" class=\"media  vc_custom_1640003722316\"><div class=\"mr-3 text-primary animate-in\" data-anim-type=\"fade-in-up\" data-anim-delay=\"\" style=\"width:54px;height:54px;position:relative;line-height:54px;text-align:center;\"><svg width=\"100%\" height=\"100%\" viewBox=\"0 0 24 24\" version=\"1.1\" xmlns=\"http:\/\/www.w3.org\/2000\/svg\" xmlns:xlink=\"http:\/\/www.w3.org\/1999\/xlink\"> <defs><\/defs> <g stroke=\"none\" stroke-width=\"1\" fill=\"none\" fill-rule=\"evenodd\"> <path d=\"M12,3 C16.418278,3 20,6.581722 20,11 L20,21 C20,21.5522847 19.5522847,22 19,22 L5,22 C4.44771525,22 4,21.5522847 4,21 L4,11 C4,6.581722 7.581722,3 12,3 Z M9,10 C7.34314575,10 6,11.3431458 6,13 C6,14.6568542 7.34314575,16 9,16 L15,16 C16.6568542,16 18,14.6568542 18,13 C18,11.3431458 16.6568542,10 15,10 L9,10 Z\" fill=\"#000000\"><\/path> <path d=\"M15,14 C14.4477153,14 14,13.5522847 14,13 C14,12.4477153 14.4477153,12 15,12 C15.5522847,12 16,12.4477153 16,13 C16,13.5522847 15.5522847,14 15,14 Z M9,14 C8.44771525,14 8,13.5522847 8,13 C8,12.4477153 8.44771525,12 9,12 C9.55228475,12 10,12.4477153 10,13 C10,13.5522847 9.55228475,14 9,14 Z\" fill=\"#000000\" opacity=\"0.3\"><\/path> <\/g> <\/svg><\/div><div class=\"media-body\"><h6 class=\"font-weight-bold  secondary-font text-heading-default animate-in \" style=\"\" data-anim-type=\"fade-in-up\" data-anim-delay=\"100\">Comercio algor\u00edtmico<\/h6><div class=\"text-body-default text-18     animate-in\" style=\"padding-top:10px;\" data-anim-type=\"fade-in-up\" data-anim-delay=\"200\">Dise\u00f1e y opere sus propios sistemas automatizados con asesores expertos.<\/div><\/div><\/div><div id=\"1640003103951-758faa5a-7805\" class=\"media  vc_custom_1640003866030\"><div class=\"mr-3 text-primary animate-in\" data-anim-type=\"fade-in-up\" data-anim-delay=\"\" style=\"width:54px;height:54px;position:relative;line-height:54px;text-align:center;\"><svg width=\"100%\" height=\"100%\" viewBox=\"0 0 24 24\" version=\"1.1\" xmlns=\"http:\/\/www.w3.org\/2000\/svg\" xmlns:xlink=\"http:\/\/www.w3.org\/1999\/xlink\"> <defs><\/defs> <g stroke=\"none\" stroke-width=\"1\" fill=\"none\" fill-rule=\"evenodd\"> <path d=\"M16.5428932,17.4571068 L11,11.9142136 L11,4 C11,3.44771525 11.4477153,3 12,3 C12.5522847,3 13,3.44771525 13,4 L13,11.0857864 L17.9571068,16.0428932 L20.1464466,13.8535534 C20.3417088,13.6582912 20.6582912,13.6582912 20.8535534,13.8535534 C20.9473216,13.9473216 21,14.0744985 21,14.2071068 L21,19.5 C21,19.7761424 20.7761424,20 20.5,20 L15.2071068,20 C14.9309644,20 14.7071068,19.7761424 14.7071068,19.5 C14.7071068,19.3673918 14.7597852,19.2402148 14.8535534,19.1464466 L16.5428932,17.4571068 Z\" fill=\"#000000\" fill-rule=\"nonzero\"><\/path> <path d=\"M7.24478854,17.1447885 L9.2464466,19.1464466 C9.34021479,19.2402148 9.39289321,19.3673918 9.39289321,19.5 C9.39289321,19.7761424 9.16903559,20 8.89289321,20 L3.52893218,20 C3.25278981,20 3.02893218,19.7761424 3.02893218,19.5 L3.02893218,14.136039 C3.02893218,14.0034307 3.0816106,13.8762538 3.17537879,13.7824856 C3.37064094,13.5872234 3.68722343,13.5872234 3.88248557,13.7824856 L5.82567301,15.725673 L8.85405776,13.1631936 L10.1459422,14.6899662 L7.24478854,17.1447885 Z\" fill=\"#000000\" fill-rule=\"nonzero\" opacity=\"0.3\"><\/path> <\/g> <\/svg><\/div><div class=\"media-body\"><h6 class=\"font-weight-bold  secondary-font text-heading-default animate-in \" style=\"\" data-anim-type=\"fade-in-up\" data-anim-delay=\"100\">Sistema de comercio flexible<\/h6><div class=\"text-body-default text-18     animate-in\" style=\"padding-top:10px;\" data-anim-type=\"fade-in-up\" data-anim-delay=\"200\">Potente sistema de negociaci\u00f3n con profundidad de mercado, registro separado de \u00f3rdenes y operaciones.<\/div><\/div><\/div><div id=\"1640003103977-d8b2a0f5-f9b3\" class=\"media  vc_custom_1640003934295\"><div class=\"mr-3 text-primary animate-in\" data-anim-type=\"fade-in-up\" data-anim-delay=\"\" style=\"width:54px;height:54px;position:relative;line-height:54px;text-align:center;\"><svg width=\"100%\" height=\"100%\" viewBox=\"0 0 24 24\" version=\"1.1\" xmlns=\"http:\/\/www.w3.org\/2000\/svg\" xmlns:xlink=\"http:\/\/www.w3.org\/1999\/xlink\"> <defs><\/defs> <g stroke=\"none\" stroke-width=\"1\" fill=\"none\" fill-rule=\"evenodd\"> <path d=\"M5,19 L20,19 C20.5522847,19 21,19.4477153 21,20 C21,20.5522847 20.5522847,21 20,21 L4,21 C3.44771525,21 3,20.5522847 3,20 L3,4 C3,3.44771525 3.44771525,3 4,3 C4.55228475,3 5,3.44771525 5,4 L5,19 Z\" id=\"Path-95\" fill=\"#000000\" fill-rule=\"nonzero\"><\/path> <path d=\"M8.7295372,14.6839411 C8.35180695,15.0868534 7.71897114,15.1072675 7.31605887,14.7295372 C6.9131466,14.3518069 6.89273254,13.7189711 7.2704628,13.3160589 L11.0204628,9.31605887 C11.3857725,8.92639521 11.9928179,8.89260288 12.3991193,9.23931335 L15.358855,11.7649545 L19.2151172,6.88035571 C19.5573373,6.44687693 20.1861655,6.37289714 20.6196443,6.71511723 C21.0531231,7.05733733 21.1271029,7.68616551 20.7848828,8.11964429 L16.2848828,13.8196443 C15.9333973,14.2648593 15.2823707,14.3288915 14.8508807,13.9606866 L11.8268294,11.3801628 L8.7295372,14.6839411 Z\" id=\"Path-97\" fill=\"#000000\" fill-rule=\"nonzero\" opacity=\"0.3\"><\/path> <\/g> <\/svg><\/div><div class=\"media-body\"><h6 class=\"font-weight-bold  secondary-font text-heading-default animate-in \" style=\"\" data-anim-type=\"fade-in-up\" data-anim-delay=\"100\">An\u00e1lisis t\u00e9cnico profesional<\/h6><div class=\"text-body-default text-18     animate-in\" style=\"padding-top:10px;\" data-anim-type=\"fade-in-up\" data-anim-delay=\"200\">La potente capacidad anal\u00edtica es otro de los rasgos distintivos de la plataforma.<\/div><\/div><\/div><a  href=\"https:\/\/my.tenorisfx.com\/en\/register\" class=\"btn mb-2    vc_custom_1647354899642  shadow-sm shadow-hover-sm fly-sm text-white btn-gradient-primary d-block w-100      btn-rounded animate-in btn-lg\"   data-anim-type=\"fade-in-up\" data-anim-delay=\"0\" ><span class=\"font-weight-bold \" >Estoy listo para el comercio<\/span><\/a><\/div><\/div>\n[\/vc_column][\/vc_row][vc_row pix_particles_check=\u00bb\u00bb css=\u00bb.vc_custom_1588982458205{padding-top: 80px !important;}\u00bb][vc_column width=\u00bb1\/3&#8243;]<a href=\"https:\/\/download.mql5.com\/cdn\/web\/metaquotes.software.corp\/mt5\/MetaTrader5.dmg?utm_source=support.metaquotes.net&amp;utm_campaign=download.mt5.macos\" target=\"_blank\"><div id=\"1640003104076-02fbfd33-5b57\" class=\"pix-feature-el text-center  vc_custom_1647354932814\"><div class=\"d-inline-block text-primary animate-in\" data-anim-type=\"fade-in-up\" data-anim-delay=\"\" style=\"width:64.8px;height:64.8px;position:relative;line-height:64.8px;text-align:center;\"><span style=\"display:inline-block;font-size:36px;line-height:36px;\"><svg width=\"100%\" height=\"100%\" viewBox=\"0 0 24 24\" version=\"1.1\" xmlns=\"http:\/\/www.w3.org\/2000\/svg\" xmlns:xlink=\"http:\/\/www.w3.org\/1999\/xlink\"> <defs><\/defs> <g stroke=\"none\" stroke-width=\"1\" fill=\"none\" fill-rule=\"evenodd\"> <path d=\"M7,15 C7.55228475,15 8,15.4477153 8,16 C8,16.5522847 7.55228475,17 7,17 L6,17 C4.34314575,17 3,15.6568542 3,14 L3,7 C3,5.34314575 4.34314575,4 6,4 L18,4 C19.6568542,4 21,5.34314575 21,7 L21,14 C21,15.6568542 19.6568542,17 18,17 L17,17 C16.4477153,17 16,16.5522847 16,16 C16,15.4477153 16.4477153,15 17,15 L18,15 C18.5522847,15 19,14.5522847 19,14 L19,7 C19,6.44771525 18.5522847,6 18,6 L6,6 C5.44771525,6 5,6.44771525 5,7 L5,14 C5,14.5522847 5.44771525,15 6,15 L7,15 Z\" fill=\"#000000\" fill-rule=\"nonzero\"><\/path> <polygon id=\"Path-15\" fill=\"#000000\" opacity=\"0.3\" points=\"8 20 16 20 12 15\"><\/polygon> <\/g> <\/svg><\/span><\/div><h6 class=\"font-weight-bold  secondary-font text-heading-default animate-in\" style=\"padding-top:20px;\" data-anim-type=\"fade-in-up\" data-anim-delay=\"100\">MacOs<\/h6><div class=\"text-body-default text-18     animate-in\" style=\"padding-top:10px;\" data-anim-type=\"fade-in-up\" data-anim-delay=\"200\">Disponible ahora para descargar en MacOS. Descargar ahora.<\/div><\/div><\/a>[\/vc_column][vc_column width=\u00bb1\/3&#8243;]<a href=\"https:\/\/download.mql5.com\/cdn\/web\/20782\/mt5\/tenorisfx5setup.exe\" target=\"_blank\"><div id=\"1640003104119-92c85d98-3ac5\" class=\"pix-feature-el text-center  vc_custom_1647354943301\"><div class=\"d-inline-block text-primary animate-in\" data-anim-type=\"fade-in-up\" data-anim-delay=\"\" style=\"width:64.8px;height:64.8px;position:relative;line-height:64.8px;text-align:center;\"><span style=\"display:inline-block;font-size:36px;line-height:36px;\"><svg width=\"100%\" height=\"100%\" viewBox=\"0 0 24 24\" version=\"1.1\" xmlns=\"http:\/\/www.w3.org\/2000\/svg\" xmlns:xlink=\"http:\/\/www.w3.org\/1999\/xlink\"> <defs><\/defs> <g stroke=\"none\" stroke-width=\"1\" fill=\"none\" fill-rule=\"evenodd\"> <polygon fill=\"#000000\" opacity=\"0.3\" points=\"6 7 6 15 18 15 18 7\"><\/polygon> <path d=\"M11,19 L11,16 C11,15.4477153 11.4477153,15 12,15 C12.5522847,15 13,15.4477153 13,16 L13,19 L14.5,19 C14.7761424,19 15,19.2238576 15,19.5 C15,19.7761424 14.7761424,20 14.5,20 L9.5,20 C9.22385763,20 9,19.7761424 9,19.5 C9,19.2238576 9.22385763,19 9.5,19 L11,19 Z\" fill=\"#000000\" opacity=\"0.3\"><\/path> <path d=\"M6,7 L6,15 L18,15 L18,7 L6,7 Z M6,5 L18,5 C19.1045695,5 20,5.8954305 20,7 L20,15 C20,16.1045695 19.1045695,17 18,17 L6,17 C4.8954305,17 4,16.1045695 4,15 L4,7 C4,5.8954305 4.8954305,5 6,5 Z\" fill=\"#000000\" fill-rule=\"nonzero\"><\/path> <\/g> <\/svg><\/span><\/div><h6 class=\"font-weight-bold  secondary-font text-heading-default animate-in\" style=\"padding-top:20px;\" data-anim-type=\"fade-in-up\" data-anim-delay=\"100\">Windows<\/h6><div class=\"text-body-default text-18     animate-in\" style=\"padding-top:10px;\" data-anim-type=\"fade-in-up\" data-anim-delay=\"200\">Obtenga la plataforma Metatrader 5 para Windows. Descargar ahora.<\/div><\/div><\/a>[\/vc_column][vc_column width=\u00bb1\/3&#8243;]<div id=\"1640003104166-379f2bb2-cca4\" class=\"pix-feature-el text-center  vc_custom_1640094432888\"><div class=\"d-inline-block text-primary animate-in\" data-anim-type=\"fade-in-up\" data-anim-delay=\"\" style=\"width:64.8px;height:64.8px;position:relative;line-height:64.8px;text-align:center;\"><span style=\"display:inline-block;font-size:36px;line-height:36px;\"><svg width=\"100%\" height=\"100%\" viewBox=\"0 0 24 24\" version=\"1.1\" xmlns=\"http:\/\/www.w3.org\/2000\/svg\" xmlns:xlink=\"http:\/\/www.w3.org\/1999\/xlink\"> <defs><\/defs> <g stroke=\"none\" stroke-width=\"1\" fill=\"none\" fill-rule=\"evenodd\"> <path d=\"M7.5,4 L7.5,19 L16.5,19 L16.5,4 L7.5,4 Z M7.71428571,2 L16.2857143,2 C17.2324881,2 18,2.8954305 18,4 L18,20 C18,21.1045695 17.2324881,22 16.2857143,22 L7.71428571,22 C6.76751186,22 6,21.1045695 6,20 L6,4 C6,2.8954305 6.76751186,2 7.71428571,2 Z\" fill=\"#000000\" fill-rule=\"nonzero\"><\/path> <polygon fill=\"#000000\" opacity=\"0.3\" points=\"7.5 4 7.5 19 16.5 19 16.5 4\"><\/polygon> <\/g> <\/svg><\/span><\/div><h6 class=\"font-weight-bold  secondary-font text-heading-default animate-in\" style=\"padding-top:20px;\" data-anim-type=\"fade-in-up\" data-anim-delay=\"100\">Dispositivos m\u00f3viles<\/h6><div class=\"text-body-default text-18     animate-in\" style=\"padding-top:10px;\" data-anim-type=\"fade-in-up\" data-anim-delay=\"200\">Disponible para dispositivos m\u00f3viles Android e IOs. Descargar ahora para su dispositivo.<\/div><\/div><div class=\"d-inline-block d-sm-flex w-100 text-center align-items-center justify-content-center  \"><div class=\"pix-sm-circles d-inline-block2 d-inline-flex align-items-center align-self-center align-middle\"><a class=\"align-middle circle-item pix-mr-5  animate-in \" data-anim-type=\"fade-in-left\" data-anim-delay=\"0\"  href=\"https:\/\/download.mql5.com\/cdn\/mobile\/mt5\/android?server=TenorisFX-MetaTrader5\"  data-toggle=\"tooltip\" data-placement=\"bottom\" title=\"Download for android\"><img src=\"https:\/\/tenorisfx.net\/wp-content\/uploads\/2021\/09\/social_android_5.png\" srcset=\"https:\/\/tenorisfx.net\/wp-content\/uploads\/2021\/09\/social_android_5.png 256w, https:\/\/tenorisfx.net\/wp-content\/uploads\/2021\/09\/social_android_5-150x150.png 150w, https:\/\/tenorisfx.net\/wp-content\/uploads\/2021\/09\/social_android_5-75x75.png 75w\" sizes=\"(max-width: 256px) 100vw, 256px\" width=\"60\" height=\"60\" class=\"rounded-circle bg-white\" loading=\"lazy\"  alt=\"\" \/><\/a><a class=\"align-middle circle-item pix-mr-5  animate-in \" data-anim-type=\"fade-in-left\" data-anim-delay=\"100\"  href=\"https:\/\/download.mql5.com\/cdn\/mobile\/mt5\/ios?server=TenorisFX-MetaTrader5\"  data-toggle=\"tooltip\" data-placement=\"bottom\" title=\"Download for IOs\"><img src=\"https:\/\/tenorisfx.net\/wp-content\/uploads\/2021\/09\/pngwing.com_-460x460.png\" srcset=\"https:\/\/tenorisfx.net\/wp-content\/uploads\/2021\/09\/pngwing.com_-300x300.png 300w, https:\/\/tenorisfx.net\/wp-content\/uploads\/2021\/09\/pngwing.com_-150x150.png 150w, https:\/\/tenorisfx.net\/wp-content\/uploads\/2021\/09\/pngwing.com_-768x768.png 768w, https:\/\/tenorisfx.net\/wp-content\/uploads\/2021\/09\/pngwing.com_-400x400.png 400w, https:\/\/tenorisfx.net\/wp-content\/uploads\/2021\/09\/pngwing.com_-75x75.png 75w, https:\/\/tenorisfx.net\/wp-content\/uploads\/2021\/09\/pngwing.com_-460x460.png 460w, https:\/\/tenorisfx.net\/wp-content\/uploads\/2021\/09\/pngwing.com_.png 770w\" sizes=\"(max-width: 770px) 100vw, 770px\" width=\"60\" height=\"60\" class=\"rounded-circle bg-white\" loading=\"lazy\"  alt=\"\" \/><\/a><\/div><\/div>[\/vc_column][\/vc_row][\/vc_section]","protected":false},"excerpt":{"rendered":"[vc_section full_width=\u00bbstretch_row\u00bb pix_over_visibility=\u00bb\u00bb css=\u00bb.vc_custom_1664822679414{padding-top: 70px !important;padding-bottom: 80px !important;}\u00bb][vc_row full_width=\u00bbstretch_row\u00bb pix_particles_check=\u00bb\u00bb][vc_column][\/vc_column][\/vc_row][vc_row pix_particles_check=\u00bb\u00bb css=\u00bb.vc_custom_1588982458205{padding-top: 80px !important;}\u00bb][vc_column width=\u00bb1\/3&#8243;][\/vc_column][vc_column width=\u00bb1\/3&#8243;][\/vc_column][vc_column width=\u00bb1\/3&#8243;][\/vc_column][\/vc_row][\/vc_section]","protected":false},"author":1,"featured_media":0,"parent":0,"menu_order":0,"comment_status":"closed","ping_status":"closed","template":"","meta":[],"aioseo_notices":[],"_links":{"self":[{"href":"https:\/\/tenorisfx.net\/es\/wp-json\/wp\/v2\/pages\/5925"}],"collection":[{"href":"https:\/\/tenorisfx.net\/es\/wp-json\/wp\/v2\/pages"}],"about":[{"href":"https:\/\/tenorisfx.net\/es\/wp-json\/wp\/v2\/types\/page"}],"author":[{"embeddable":true,"href":"https:\/\/tenorisfx.net\/es\/wp-json\/wp\/v2\/users\/1"}],"replies":[{"embeddable":true,"href":"https:\/\/tenorisfx.net\/es\/wp-json\/wp\/v2\/comments?post=5925"}],"version-history":[{"count":3,"href":"https:\/\/tenorisfx.net\/es\/wp-json\/wp\/v2\/pages\/5925\/revisions"}],"predecessor-version":[{"id":5929,"href":"https:\/\/tenorisfx.net\/es\/wp-json\/wp\/v2\/pages\/5925\/revisions\/5929"}],"wp:attachment":[{"href":"https:\/\/tenorisfx.net\/es\/wp-json\/wp\/v2\/media?parent=5925"}],"curies":[{"name":"wp","href":"https:\/\/api.w.org\/{rel}","templated":true}]}}